{"id":238,"date":"2025-01-05T11:44:27","date_gmt":"2025-01-05T11:44:27","guid":{"rendered":"https:\/\/sosiaalinenahdistus.com\/?page_id=238"},"modified":"2025-01-05T11:46:45","modified_gmt":"2025-01-05T11:46:45","slug":"tietosuojakaytanto","status":"publish","type":"page","link":"https:\/\/anxietysolve.org\/fi\/tietosuojakaytanto\/","title":{"rendered":"Tietosuojak\u00e4yt\u00e4nt\u00f6"},"content":{"rendered":"\n<p>P\u00e4iv\u00e4m\u00e4\u00e4r\u00e4: 5. tammikuuta 2025<br>Yhteystiedot: <a>info@sosiaalinenahdistus.com<\/a><\/p>\n\n\n\n<p>Tervetuloa sosiaalinenahdistus.com-verkkosivustolle. T\u00e4m\u00e4 tietosuojak\u00e4yt\u00e4nt\u00f6 selitt\u00e4\u00e4, kuinka ker\u00e4\u00e4mme, k\u00e4yt\u00e4mme, s\u00e4ilyt\u00e4mme ja suojaamme henkil\u00f6tietojasi. Sitoudumme suojaamaan yksityisyytt\u00e4si ja noudattamaan sovellettavia tietosuojalakeja ja -s\u00e4\u00e4nn\u00f6ksi\u00e4, kuten Euroopan unionin yleist\u00e4 tietosuoja-asetusta (GDPR).<\/p>\n\n\n\n<p><strong>Tietojen ker\u00e4\u00e4minen<\/strong><br>Ker\u00e4\u00e4mme seuraavia tietoja:<\/p>\n\n\n\n<ul class=\"wp-block-list\">\n<li>Henkil\u00f6tiedot, kuten nimi, s\u00e4hk\u00f6postiosoite, osoite ja puhelinnumero<\/li>\n\n\n\n<li>Maksutiedot ja tilausinformaatio, kuten laskutusosoite ja maksutavat<\/li>\n\n\n\n<li>K\u00e4ytt\u00e4ytymistiedot verkkosivustollamme, kuten selaushistoria ja k\u00e4ytetyt palvelut<\/li>\n<\/ul>\n\n\n\n<p><strong>Tietojen k\u00e4ytt\u00f6<\/strong><br>K\u00e4yt\u00e4mme ker\u00e4ttyj\u00e4 tietoja seuraaviin tarkoituksiin:<\/p>\n\n\n\n<ul class=\"wp-block-list\">\n<li>Tilauksesi k\u00e4sittely ja toimitus<\/li>\n\n\n\n<li>Asiakaspalvelun tarjoaminen ja kysymyksiin vastaaminen<\/li>\n\n\n\n<li>Verkkosivuston toiminnan parantaminen ja k\u00e4ytt\u00e4j\u00e4kokemuksen optimoiminen<\/li>\n\n\n\n<li>Markkinointiviestint\u00e4, jos olet antanut siihen suostumuksesi<\/li>\n<\/ul>\n\n\n\n<p><strong>Tietoturva<\/strong><br>Suojaamme henkil\u00f6tietosi k\u00e4ytt\u00e4m\u00e4ll\u00e4 asianmukaisia turvatoimia, kuten salattuja yhteyksi\u00e4 (SSL), palomuureja ja muita teknisi\u00e4 keinoja, jotka est\u00e4v\u00e4t luvattoman p\u00e4\u00e4syn tietoihisi.<\/p>\n\n\n\n<p><strong>Kolmannet osapuolet<\/strong><br>Emme jaa henkil\u00f6tietojasi kolmansille osapuolille ilman lupaasi, ellei laki toisin vaadi. Voimme jakaa tietoja luotettavien palveluntarjoajien kanssa, jotka auttavat meit\u00e4 liiketoiminnassamme, mutta n\u00e4m\u00e4 osapuolet sitoutuvat pit\u00e4m\u00e4\u00e4n tietosi luottamuksellisina ja k\u00e4ytt\u00e4m\u00e4\u00e4n niit\u00e4 vain sopimusten mukaisiin tarkoituksiin.<\/p>\n\n\n\n<p><strong>Oikeutesi<\/strong><br>Sinulla on oikeus:<\/p>\n\n\n\n<ul class=\"wp-block-list\">\n<li>Pyyt\u00e4\u00e4 p\u00e4\u00e4sy\u00e4 omiin henkil\u00f6tietoihisi<\/li>\n\n\n\n<li>Oikaista virheellisi\u00e4 tai vanhentuneita tietoja<\/li>\n\n\n\n<li>Pyyt\u00e4\u00e4 tietojen poistamista tai k\u00e4sittelyn rajoittamista<\/li>\n\n\n\n<li>Peruuttaa suostumus markkinointiviestint\u00e4\u00e4n milloin tahansa<\/li>\n\n\n\n<li>Tehd\u00e4 valitus tietosuojaviranomaiselle, jos katsot, ett\u00e4 tietosuojalakeja on rikottu<\/li>\n<\/ul>\n\n\n\n<p>Jos haluat k\u00e4ytt\u00e4\u00e4 oikeuksiasi tai jos sinulla on kysytt\u00e4v\u00e4\u00e4 tietosuojak\u00e4yt\u00e4nn\u00f6ist\u00e4mme, ota meihin yhteytt\u00e4 s\u00e4hk\u00f6postitse osoitteeseen <a>info@sosiaalinenahdistus.com<\/a>.<\/p>\n","protected":false},"excerpt":{"rendered":"<p>P\u00e4iv\u00e4m\u00e4\u00e4r\u00e4: 5. tammikuuta 2025Yhteystiedot: info@sosiaalinenahdistus.com Tervetuloa sosiaalinenahdistus.com-verkkosivustolle. T\u00e4m\u00e4 tietosuojak\u00e4yt\u00e4nt\u00f6 selitt\u00e4\u00e4, kuinka ker\u00e4\u00e4mme, k\u00e4yt\u00e4mme, s\u00e4ilyt\u00e4mme ja suojaamme henkil\u00f6tietojasi. Sitoudumme suojaamaan yksityisyytt\u00e4si ja noudattamaan sovellettavia tietosuojalakeja ja -s\u00e4\u00e4nn\u00f6ksi\u00e4, kuten Euroopan unionin yleist\u00e4 tietosuoja-asetusta (GDPR). Tietojen ker\u00e4\u00e4minenKer\u00e4\u00e4mme seuraavia tietoja: Tietojen k\u00e4ytt\u00f6K\u00e4yt\u00e4mme ker\u00e4ttyj\u00e4 tietoja seuraaviin tarkoituksiin: TietoturvaSuojaamme henkil\u00f6tietosi k\u00e4ytt\u00e4m\u00e4ll\u00e4 asianmukaisia turvatoimia, kuten salattuja yhteyksi\u00e4 (SSL), palomuureja ja muita teknisi\u00e4 keinoja, jotka est\u00e4v\u00e4t luvattoman p\u00e4\u00e4syn tietoihisi. Kolmannet osapuoletEmme jaa henkil\u00f6tietojasi kolmansille osapuolille ilman lupaasi, ellei laki toisin vaadi. Voimme jakaa tietoja luotettavien palveluntarjoajien kanssa, jotka auttavat meit\u00e4 liiketoiminnassamme, mutta n\u00e4m\u00e4 osapuolet sitoutuvat pit\u00e4m\u00e4\u00e4n tietosi luottamuksellisina ja k\u00e4ytt\u00e4m\u00e4\u00e4n niit\u00e4 vain sopimusten mukaisiin tarkoituksiin. OikeutesiSinulla on oikeus: Jos haluat k\u00e4ytt\u00e4\u00e4 oikeuksiasi tai jos sinulla on kysytt\u00e4v\u00e4\u00e4 tietosuojak\u00e4yt\u00e4nn\u00f6ist\u00e4mme, ota meihin yhteytt\u00e4 s\u00e4hk\u00f6postitse osoitteeseen info@sosiaalinenahdistus.com.<\/p>\n","protected":false},"author":1,"featured_media":0,"parent":0,"menu_order":0,"comment_status":"closed","ping_status":"closed","template":"","meta":{"_monsterinsights_skip_tracking":false,"_monsterinsights_sitenote_active":false,"_monsterinsights_sitenote_note":"","_monsterinsights_sitenote_category":0,"_kad_post_transparent":"","_kad_post_title":"","_kad_post_layout":"","_kad_post_sidebar_id":"","_kad_post_content_style":"","_kad_post_vertical_padding":"","_kad_post_feature":"","_kad_post_feature_position":"","_kad_post_header":false,"_kad_post_footer":false,"footnotes":""},"class_list":["post-238","page","type-page","status-publish","hentry"],"_links":{"self":[{"href":"https:\/\/anxietysolve.org\/fi\/wp-json\/wp\/v2\/pages\/238","targetHints":{"allow":["GET"]}}],"collection":[{"href":"https:\/\/anxietysolve.org\/fi\/wp-json\/wp\/v2\/pages"}],"about":[{"href":"https:\/\/anxietysolve.org\/fi\/wp-json\/wp\/v2\/types\/page"}],"author":[{"embeddable":true,"href":"https:\/\/anxietysolve.org\/fi\/wp-json\/wp\/v2\/users\/1"}],"replies":[{"embeddable":true,"href":"https:\/\/anxietysolve.org\/fi\/wp-json\/wp\/v2\/comments?post=238"}],"version-history":[{"count":2,"href":"https:\/\/anxietysolve.org\/fi\/wp-json\/wp\/v2\/pages\/238\/revisions"}],"predecessor-version":[{"id":250,"href":"https:\/\/anxietysolve.org\/fi\/wp-json\/wp\/v2\/pages\/238\/revisions\/250"}],"wp:attachment":[{"href":"https:\/\/anxietysolve.org\/fi\/wp-json\/wp\/v2\/media?parent=238"}],"curies":[{"name":"wp","href":"https:\/\/api.w.org\/{rel}","templated":true}]}}