{"id":241,"date":"2025-01-05T11:45:01","date_gmt":"2025-01-05T11:45:01","guid":{"rendered":"https:\/\/sosiaalinenahdistus.com\/?page_id=241"},"modified":"2025-01-05T11:46:43","modified_gmt":"2025-01-05T11:46:43","slug":"palautuskaytanto","status":"publish","type":"page","link":"https:\/\/anxietysolve.org\/fi\/palautuskaytanto\/","title":{"rendered":"Palautusk\u00e4yt\u00e4nt\u00f6"},"content":{"rendered":"\n<p>P\u00e4iv\u00e4m\u00e4\u00e4r\u00e4: 5. tammikuuta 2025<br>Yhteystiedot: <a>info@sosiaalinenahdistus.com<\/a><\/p>\n\n\n\n<p>Tarjoamme asiakkaillemme mahdollisuuden palauttaa tuotteet tai pyyt\u00e4\u00e4 hyvityst\u00e4 tietyin ehdoin. T\u00e4m\u00e4 palautusk\u00e4yt\u00e4nt\u00f6 koskee vain fyysisi\u00e4 tuotteita, ei digitaalisia tuotteita tai palveluja.<\/p>\n\n\n\n<p><strong>Palautusoikeus<\/strong><br>Sinulla on oikeus palauttaa ostamasi tuote 14 p\u00e4iv\u00e4n kuluessa siit\u00e4, kun olet vastaanottanut sen. Palautettavan tuotteen on oltava k\u00e4ytt\u00e4m\u00e4t\u00f6n ja myyntikelpoisessa kunnossa alkuper\u00e4isess\u00e4 pakkauksessaan.<\/p>\n\n\n\n<p><strong>Palautusprosessi<\/strong><\/p>\n\n\n\n<ul class=\"wp-block-list\">\n<li>Ota yhteytt\u00e4 asiakaspalveluumme osoitteeseen <a>info@sosiaalinenahdistus.com<\/a> ja ilmoita halustasi palauttaa tuote.<\/li>\n\n\n\n<li>Pakkaa tuote huolellisesti ja varmista, ett\u00e4 se on alkuper\u00e4isess\u00e4 kunnossaan.<\/li>\n\n\n\n<li>L\u00e4het\u00e4mme sinulle palautusohjeet ja mahdollisen palautuslipukkeen.<\/li>\n<\/ul>\n\n\n\n<p><strong>Hyvitykset<\/strong><br>Hyvitys k\u00e4sitell\u00e4\u00e4n alkuper\u00e4iselle maksutavalle ja se voi kest\u00e4\u00e4 7\u201310 arkip\u00e4iv\u00e4\u00e4, riippuen maksupalveluntarjoajastasi. Toimituskuluja ei hyvitet\u00e4, ellei tuote ole viallinen.<\/p>\n\n\n\n<p><strong>Viat ja puutteet<\/strong><br>Jos tuote on viallinen tai ei vastaa tilaustasi, tarjoamme t\u00e4yden hyvityksen tai vaihdon. Ota yhteytt\u00e4 asiakaspalveluumme, niin hoidamme asian nopeasti.<\/p>\n","protected":false},"excerpt":{"rendered":"<p>P\u00e4iv\u00e4m\u00e4\u00e4r\u00e4: 5. tammikuuta 2025Yhteystiedot: info@sosiaalinenahdistus.com Tarjoamme asiakkaillemme mahdollisuuden palauttaa tuotteet tai pyyt\u00e4\u00e4 hyvityst\u00e4 tietyin ehdoin. T\u00e4m\u00e4 palautusk\u00e4yt\u00e4nt\u00f6 koskee vain fyysisi\u00e4 tuotteita, ei digitaalisia tuotteita tai palveluja. PalautusoikeusSinulla on oikeus palauttaa ostamasi tuote 14 p\u00e4iv\u00e4n kuluessa siit\u00e4, kun olet vastaanottanut sen. Palautettavan tuotteen on oltava k\u00e4ytt\u00e4m\u00e4t\u00f6n ja myyntikelpoisessa kunnossa alkuper\u00e4isess\u00e4 pakkauksessaan. Palautusprosessi HyvityksetHyvitys k\u00e4sitell\u00e4\u00e4n alkuper\u00e4iselle maksutavalle ja se voi kest\u00e4\u00e4 7\u201310 arkip\u00e4iv\u00e4\u00e4, riippuen maksupalveluntarjoajastasi. Toimituskuluja ei hyvitet\u00e4, ellei tuote ole viallinen. Viat ja puutteetJos tuote on viallinen tai ei vastaa tilaustasi, tarjoamme t\u00e4yden hyvityksen tai vaihdon. Ota yhteytt\u00e4 asiakaspalveluumme, niin hoidamme asian nopeasti.<\/p>\n","protected":false},"author":1,"featured_media":0,"parent":0,"menu_order":0,"comment_status":"closed","ping_status":"closed","template":"","meta":{"_monsterinsights_skip_tracking":false,"_monsterinsights_sitenote_active":false,"_monsterinsights_sitenote_note":"","_monsterinsights_sitenote_category":0,"_kad_post_transparent":"","_kad_post_title":"","_kad_post_layout":"","_kad_post_sidebar_id":"","_kad_post_content_style":"","_kad_post_vertical_padding":"","_kad_post_feature":"","_kad_post_feature_position":"","_kad_post_header":false,"_kad_post_footer":false,"footnotes":""},"class_list":["post-241","page","type-page","status-publish","hentry"],"_links":{"self":[{"href":"https:\/\/anxietysolve.org\/fi\/wp-json\/wp\/v2\/pages\/241","targetHints":{"allow":["GET"]}}],"collection":[{"href":"https:\/\/anxietysolve.org\/fi\/wp-json\/wp\/v2\/pages"}],"about":[{"href":"https:\/\/anxietysolve.org\/fi\/wp-json\/wp\/v2\/types\/page"}],"author":[{"embeddable":true,"href":"https:\/\/anxietysolve.org\/fi\/wp-json\/wp\/v2\/users\/1"}],"replies":[{"embeddable":true,"href":"https:\/\/anxietysolve.org\/fi\/wp-json\/wp\/v2\/comments?post=241"}],"version-history":[{"count":2,"href":"https:\/\/anxietysolve.org\/fi\/wp-json\/wp\/v2\/pages\/241\/revisions"}],"predecessor-version":[{"id":248,"href":"https:\/\/anxietysolve.org\/fi\/wp-json\/wp\/v2\/pages\/241\/revisions\/248"}],"wp:attachment":[{"href":"https:\/\/anxietysolve.org\/fi\/wp-json\/wp\/v2\/media?parent=241"}],"curies":[{"name":"wp","href":"https:\/\/api.w.org\/{rel}","templated":true}]}}