{"id":244,"date":"2025-01-05T11:45:11","date_gmt":"2025-01-05T11:45:11","guid":{"rendered":"https:\/\/sosiaalinenahdistus.com\/?page_id=244"},"modified":"2025-01-05T11:46:41","modified_gmt":"2025-01-05T11:46:41","slug":"kayttoehdot","status":"publish","type":"page","link":"https:\/\/anxietysolve.org\/fi\/kayttoehdot\/","title":{"rendered":"K\u00e4ytt\u00f6ehdot"},"content":{"rendered":"\n<p>P\u00e4iv\u00e4m\u00e4\u00e4r\u00e4: 5. tammikuuta 2025<br>Yhteystiedot: <a>info@sosiaalinenahdistus.com<\/a><\/p>\n\n\n\n<p>Tervetuloa sosiaalinenahdistus.com-verkkosivustolle. N\u00e4m\u00e4 k\u00e4ytt\u00f6ehdot (\u201dEhdot\u201d) koskevat kaikkia k\u00e4ytt\u00e4ji\u00e4 ja asiakkaita, jotka vierailevat verkkosivustollamme tai tekev\u00e4t ostoksia.<\/p>\n\n\n\n<p><strong>Palveluiden k\u00e4ytt\u00f6<\/strong><br>K\u00e4ytt\u00e4m\u00e4ll\u00e4 t\u00e4t\u00e4 verkkosivustoa hyv\u00e4ksyt n\u00e4m\u00e4 ehdot. Mik\u00e4li et hyv\u00e4ksy ehtoja, \u00e4l\u00e4 k\u00e4yt\u00e4 sivustoa. Sivusto on tarkoitettu ainoastaan laillisiin tarkoituksiin, eik\u00e4 se saa olla ristiriidassa voimassa olevien lakien kanssa.<\/p>\n\n\n\n<p><strong>Tuotteet ja palvelut<\/strong><br>Tarjoamme verkkosivustollamme erilaisia tuotteita ja palveluja, jotka voivat sis\u00e4lt\u00e4\u00e4 digitaalista ja fyysist\u00e4 sis\u00e4lt\u00f6\u00e4. Olet vastuussa siit\u00e4, ett\u00e4 k\u00e4yt\u00e4t palveluja ainoastaan laillisiin ja hyv\u00e4ksytt\u00e4viin tarkoituksiin.<\/p>\n\n\n\n<p><strong>Tilaaminen ja maksaminen<\/strong><br>Kaikki tilaukset ja maksut k\u00e4sitell\u00e4\u00e4n turvallisesti verkkosivustolla. Hyv\u00e4ksymme useita maksutapoja, ja kaikki maksutapahtumat k\u00e4sitell\u00e4\u00e4n luottamuksellisesti.<\/p>\n\n\n\n<p><strong>Immateriaalioikeudet<\/strong><br>Verkkosivuston sis\u00e4lt\u00f6, mukaan lukien tekstit, kuvat, logot ja ohjelmistot, ovat sosiaalinenahdistus.comin omaisuutta tai sen lisenssin haltijoita. Kaikki oikeudet ovat pid\u00e4tettyj\u00e4.<\/p>\n\n\n\n<p><strong>Vastuu<\/strong><br>Emme ole vastuussa mist\u00e4\u00e4n v\u00e4lillisist\u00e4 vahingoista tai menetyksist\u00e4, jotka johtuvat verkkosivuston k\u00e4yt\u00f6st\u00e4 tai sen sis\u00e4ll\u00f6st\u00e4. Olet itse vastuussa verkkosivuston k\u00e4yt\u00f6st\u00e4 ja mahdollisista seurauksista.<\/p>\n\n\n\n<p><strong>Muutokset<\/strong><br>Pid\u00e4t\u00e4mme oikeuden muuttaa n\u00e4it\u00e4 ehtoja milloin tahansa. Kaikki muutokset astuvat voimaan niiden julkaisemisen j\u00e4lkeen verkkosivustolla.<\/p>\n\n\n\n<p><strong>Erimielisyydet<\/strong><br>Mik\u00e4li ilmenee erimielisyyksi\u00e4, jotka liittyv\u00e4t n\u00e4ihin ehtoihin tai palvelujen k\u00e4ytt\u00f6\u00f6n, pyrimme ratkaisemaan ne yst\u00e4v\u00e4llisesti. Mik\u00e4li sovittelua ei saavuteta, erimielisyydet k\u00e4sitell\u00e4\u00e4n sovellettavan lain mukaan.<\/p>\n","protected":false},"excerpt":{"rendered":"<p>P\u00e4iv\u00e4m\u00e4\u00e4r\u00e4: 5. tammikuuta 2025Yhteystiedot: info@sosiaalinenahdistus.com Tervetuloa sosiaalinenahdistus.com-verkkosivustolle. N\u00e4m\u00e4 k\u00e4ytt\u00f6ehdot (\u201dEhdot\u201d) koskevat kaikkia k\u00e4ytt\u00e4ji\u00e4 ja asiakkaita, jotka vierailevat verkkosivustollamme tai tekev\u00e4t ostoksia. Palveluiden k\u00e4ytt\u00f6K\u00e4ytt\u00e4m\u00e4ll\u00e4 t\u00e4t\u00e4 verkkosivustoa hyv\u00e4ksyt n\u00e4m\u00e4 ehdot. Mik\u00e4li et hyv\u00e4ksy ehtoja, \u00e4l\u00e4 k\u00e4yt\u00e4 sivustoa. Sivusto on tarkoitettu ainoastaan laillisiin tarkoituksiin, eik\u00e4 se saa olla ristiriidassa voimassa olevien lakien kanssa. Tuotteet ja palvelutTarjoamme verkkosivustollamme erilaisia tuotteita ja palveluja, jotka voivat sis\u00e4lt\u00e4\u00e4 digitaalista ja fyysist\u00e4 sis\u00e4lt\u00f6\u00e4. Olet vastuussa siit\u00e4, ett\u00e4 k\u00e4yt\u00e4t palveluja ainoastaan laillisiin ja hyv\u00e4ksytt\u00e4viin tarkoituksiin. Tilaaminen ja maksaminenKaikki tilaukset ja maksut k\u00e4sitell\u00e4\u00e4n turvallisesti verkkosivustolla. Hyv\u00e4ksymme useita maksutapoja, ja kaikki maksutapahtumat k\u00e4sitell\u00e4\u00e4n luottamuksellisesti. ImmateriaalioikeudetVerkkosivuston sis\u00e4lt\u00f6, mukaan lukien tekstit, kuvat, logot ja ohjelmistot, ovat sosiaalinenahdistus.comin omaisuutta tai sen lisenssin haltijoita. Kaikki oikeudet ovat pid\u00e4tettyj\u00e4. VastuuEmme ole vastuussa mist\u00e4\u00e4n v\u00e4lillisist\u00e4 vahingoista tai menetyksist\u00e4, jotka johtuvat verkkosivuston k\u00e4yt\u00f6st\u00e4 tai sen sis\u00e4ll\u00f6st\u00e4. Olet itse vastuussa verkkosivuston k\u00e4yt\u00f6st\u00e4 ja mahdollisista seurauksista. MuutoksetPid\u00e4t\u00e4mme oikeuden muuttaa n\u00e4it\u00e4 ehtoja milloin tahansa. Kaikki muutokset astuvat voimaan niiden julkaisemisen j\u00e4lkeen verkkosivustolla. ErimielisyydetMik\u00e4li ilmenee erimielisyyksi\u00e4, jotka liittyv\u00e4t n\u00e4ihin ehtoihin tai palvelujen k\u00e4ytt\u00f6\u00f6n, pyrimme ratkaisemaan ne yst\u00e4v\u00e4llisesti. Mik\u00e4li sovittelua ei saavuteta, erimielisyydet k\u00e4sitell\u00e4\u00e4n sovellettavan lain mukaan.<\/p>\n","protected":false},"author":1,"featured_media":0,"parent":0,"menu_order":0,"comment_status":"closed","ping_status":"closed","template":"","meta":{"_monsterinsights_skip_tracking":false,"_monsterinsights_sitenote_active":false,"_monsterinsights_sitenote_note":"","_monsterinsights_sitenote_category":0,"_kad_post_transparent":"","_kad_post_title":"","_kad_post_layout":"","_kad_post_sidebar_id":"","_kad_post_content_style":"","_kad_post_vertical_padding":"","_kad_post_feature":"","_kad_post_feature_position":"","_kad_post_header":false,"_kad_post_footer":false,"footnotes":""},"class_list":["post-244","page","type-page","status-publish","hentry"],"_links":{"self":[{"href":"https:\/\/anxietysolve.org\/fi\/wp-json\/wp\/v2\/pages\/244","targetHints":{"allow":["GET"]}}],"collection":[{"href":"https:\/\/anxietysolve.org\/fi\/wp-json\/wp\/v2\/pages"}],"about":[{"href":"https:\/\/anxietysolve.org\/fi\/wp-json\/wp\/v2\/types\/page"}],"author":[{"embeddable":true,"href":"https:\/\/anxietysolve.org\/fi\/wp-json\/wp\/v2\/users\/1"}],"replies":[{"embeddable":true,"href":"https:\/\/anxietysolve.org\/fi\/wp-json\/wp\/v2\/comments?post=244"}],"version-history":[{"count":2,"href":"https:\/\/anxietysolve.org\/fi\/wp-json\/wp\/v2\/pages\/244\/revisions"}],"predecessor-version":[{"id":249,"href":"https:\/\/anxietysolve.org\/fi\/wp-json\/wp\/v2\/pages\/244\/revisions\/249"}],"wp:attachment":[{"href":"https:\/\/anxietysolve.org\/fi\/wp-json\/wp\/v2\/media?parent=244"}],"curies":[{"name":"wp","href":"https:\/\/api.w.org\/{rel}","templated":true}]}}