{"id":12,"date":"2024-11-23T11:59:43","date_gmt":"2024-11-23T11:59:43","guid":{"rendered":"https:\/\/anxietesociale.com\/?page_id=12"},"modified":"2024-11-29T12:28:03","modified_gmt":"2024-11-29T12:28:03","slug":"a-propos","status":"publish","type":"page","link":"https:\/\/anxietysolve.org\/fr\/a-propos\/","title":{"rendered":"\u00c0 Propos"},"content":{"rendered":"\t\t<div data-elementor-type=\"wp-page\" data-elementor-id=\"12\" class=\"elementor elementor-12\">\n\t\t\t\t<div data-particle_enable=\"false\" data-particle-mobile-disabled=\"false\" class=\"elementor-element elementor-element-26ce19e9 e-flex e-con-boxed wpr-particle-no wpr-jarallax-no wpr-parallax-no wpr-sticky-section-no wpr-equal-height-no e-con e-parent\" data-id=\"26ce19e9\" data-element_type=\"container\" data-e-type=\"container\" data-settings=\"{&quot;background_background&quot;:&quot;classic&quot;}\">\n\t\t\t\t\t<div class=\"e-con-inner\">\n\t\t\t\t<div class=\"elementor-element elementor-element-67f2d7b0 animated-slow elementor-invisible elementor-widget elementor-widget-heading\" data-id=\"67f2d7b0\" data-element_type=\"widget\" data-e-type=\"widget\" data-settings=\"{&quot;_animation&quot;:&quot;slideInUp&quot;}\" data-widget_type=\"heading.default\">\n\t\t\t\t<div class=\"elementor-widget-container\">\n\t\t\t\t\t<h2 class=\"elementor-heading-title elementor-size-default\">\u00c0 Propos de Nous : Notre Parcours et Vision<\/h2>\t\t\t\t<\/div>\n\t\t\t\t<\/div>\n\t\t\t\t<div class=\"elementor-element elementor-element-612d7447 animated-slow elementor-invisible elementor-widget elementor-widget-heading\" data-id=\"612d7447\" data-element_type=\"widget\" data-e-type=\"widget\" data-settings=\"{&quot;_animation&quot;:&quot;slideInUp&quot;}\" data-widget_type=\"heading.default\">\n\t\t\t\t<div class=\"elementor-widget-container\">\n\t\t\t\t\t<h2 class=\"elementor-heading-title elementor-size-default\">D\u00e9couvrez notre programme et vos objectifs<\/h2>\t\t\t\t<\/div>\n\t\t\t\t<\/div>\n\t\t\t\t\t<\/div>\n\t\t\t\t<\/div>\n\t\t<div data-particle_enable=\"false\" data-particle-mobile-disabled=\"false\" class=\"elementor-element elementor-element-4e6c3ca7 e-flex e-con-boxed wpr-particle-no wpr-jarallax-no wpr-parallax-no wpr-sticky-section-no wpr-equal-height-no e-con e-parent\" data-id=\"4e6c3ca7\" data-element_type=\"container\" data-e-type=\"container\" data-settings=\"{&quot;background_background&quot;:&quot;classic&quot;}\">\n\t\t\t\t\t<div class=\"e-con-inner\">\n\t\t\t\t<div class=\"elementor-element elementor-element-54b930b4 elementor-widget elementor-widget-image-box\" data-id=\"54b930b4\" data-element_type=\"widget\" data-e-type=\"widget\" data-widget_type=\"image-box.default\">\n\t\t\t\t<div class=\"elementor-widget-container\">\n\t\t\t\t\t<div class=\"elementor-image-box-wrapper\"><div class=\"elementor-image-box-content\"><h3 class=\"elementor-image-box-title\">Bienvenue dans notre Programme d'Anxi\u00e9t\u00e9 Sociale<\/h3><p class=\"elementor-image-box-description\">Chez Anxi\u00e9t\u00e9 Sociale, nous nous engageons \u00e0 aider les individus \u00e0 surmonter l\u2019anxi\u00e9t\u00e9 sociale et \u00e0 atteindre leurs objectifs personnels et professionnels. Notre programme est con\u00e7u pour fournir des outils pratiques et des techniques qui s\u2019attaquent aux causes profondes de l\u2019anxi\u00e9t\u00e9 sociale et vous permettent de g\u00e9rer les situations sociales avec confiance.<\/p><\/div><\/div>\t\t\t\t<\/div>\n\t\t\t\t<\/div>\n\t\t\t\t<div class=\"elementor-element elementor-element-283be4bb elementor-widget elementor-widget-image-box\" data-id=\"283be4bb\" data-element_type=\"widget\" data-e-type=\"widget\" data-widget_type=\"image-box.default\">\n\t\t\t\t<div class=\"elementor-widget-container\">\n\t\t\t\t\t<div class=\"elementor-image-box-wrapper\"><div class=\"elementor-image-box-content\"><h3 class=\"elementor-image-box-title\">Notre Mission<\/h3><p class=\"elementor-image-box-description\">Notre mission est de transformer la mani\u00e8re dont les gens vivent les interactions sociales en offrant des solutions adapt\u00e9es qui vont au-del\u00e0 des conseils g\u00e9n\u00e9riques. Nous croyons en une approche holistique qui combine des exercices bas\u00e9s sur la neuroplasticit\u00e9, la pleine conscience et des techniques d'exposition progressive pour favoriser un changement durable. Notre objectif est de vous aider \u00e0 prendre le contr\u00f4le de votre anxi\u00e9t\u00e9 et \u00e0 lib\u00e9rer votre plein potentiel.<\/p><\/div><\/div>\t\t\t\t<\/div>\n\t\t\t\t<\/div>\n\t\t\t\t<div class=\"elementor-element elementor-element-4b4dbb9a elementor-widget elementor-widget-image-box\" data-id=\"4b4dbb9a\" data-element_type=\"widget\" data-e-type=\"widget\" data-widget_type=\"image-box.default\">\n\t\t\t\t<div class=\"elementor-widget-container\">\n\t\t\t\t\t<div class=\"elementor-image-box-wrapper\"><div class=\"elementor-image-box-content\"><h3 class=\"elementor-image-box-title\">Ce Que Nous Offrons<\/h3><p class=\"elementor-image-box-description\">Notre programme complet offre des exercices pratiques pour remodeler votre cerveau et r\u00e9duire l\u2019anxi\u00e9t\u00e9, des strat\u00e9gies personnalis\u00e9es adapt\u00e9es \u00e0 vos d\u00e9fis et objectifs, ainsi qu'un apprentissage autonome, facilement accessible pour progresser \u00e0 votre rythme.<\/p><\/div><\/div>\t\t\t\t<\/div>\n\t\t\t\t<\/div>\n\t\t\t\t\t<\/div>\n\t\t\t\t<\/div>\n\t\t<div data-particle_enable=\"false\" data-particle-mobile-disabled=\"false\" class=\"elementor-element elementor-element-20e44a4e e-con-full e-flex wpr-particle-no wpr-jarallax-no wpr-parallax-no wpr-sticky-section-no wpr-equal-height-no e-con e-parent\" data-id=\"20e44a4e\" data-element_type=\"container\" data-e-type=\"container\" data-settings=\"{&quot;background_background&quot;:&quot;classic&quot;}\">\n\t\t\t\t<div class=\"elementor-element elementor-element-ed95412 elementor-widget elementor-widget-heading\" data-id=\"ed95412\" data-element_type=\"widget\" data-e-type=\"widget\" data-widget_type=\"heading.default\">\n\t\t\t\t<div class=\"elementor-widget-container\">\n\t\t\t\t\t<h2 class=\"elementor-heading-title elementor-size-default\">\u00c0 propos de notre programme<\/h2>\t\t\t\t<\/div>\n\t\t\t\t<\/div>\n\t\t\t\t<div class=\"elementor-element elementor-element-20588cdc elementor-widget elementor-widget-heading\" data-id=\"20588cdc\" data-element_type=\"widget\" data-e-type=\"widget\" data-widget_type=\"heading.default\">\n\t\t\t\t<div class=\"elementor-widget-container\">\n\t\t\t\t\t<h2 class=\"elementor-heading-title elementor-size-default\">\nPrenez le premier pas<BR> vers vos objectifs \u2013 explorez notre programme d\u00e8s aujourd'hui<\/h2>\t\t\t\t<\/div>\n\t\t\t\t<\/div>\n\t\t\t\t<div class=\"elementor-element elementor-element-304ffa7e elementor-align-center elementor-widget elementor-widget-button\" data-id=\"304ffa7e\" data-element_type=\"widget\" data-e-type=\"widget\" data-widget_type=\"button.default\">\n\t\t\t\t<div class=\"elementor-widget-container\">\n\t\t\t\t\t\t\t\t\t<div class=\"elementor-button-wrapper\">\n\t\t\t\t\t<a class=\"elementor-button elementor-button-link elementor-size-lg elementor-animation-grow\" href=\"https:\/\/anxietysolve.org\/fr\/programme\/\">\n\t\t\t\t\t\t<span class=\"elementor-button-content-wrapper\">\n\t\t\t\t\t\t\t\t\t<span class=\"elementor-button-text\">Rejoignez-nous d\u00e8s maintenant<\/span>\n\t\t\t\t\t<\/span>\n\t\t\t\t\t<\/a>\n\t\t\t\t<\/div>\n\t\t\t\t\t\t\t\t<\/div>\n\t\t\t\t<\/div>\n\t\t\t\t<\/div>\n\t\t\t\t<\/div>\n\t\t","protected":false},"excerpt":{"rendered":"<p>\u00c0 Propos de Nous : Notre Parcours et Vision D\u00e9couvrez notre programme et vos objectifs Bienvenue dans notre Programme d&#8217;Anxi\u00e9t\u00e9 Sociale Chez Anxi\u00e9t\u00e9 Sociale, nous nous engageons \u00e0 aider les individus \u00e0 surmonter l\u2019anxi\u00e9t\u00e9 sociale et \u00e0 atteindre leurs objectifs personnels et professionnels. Notre programme est con\u00e7u pour fournir des outils pratiques et des techniques qui s\u2019attaquent aux causes profondes de l\u2019anxi\u00e9t\u00e9 sociale et vous permettent de g\u00e9rer les situations sociales avec confiance. Notre Mission Notre mission est de transformer la mani\u00e8re dont les gens vivent les interactions sociales en offrant des solutions adapt\u00e9es qui vont au-del\u00e0 des conseils g\u00e9n\u00e9riques. Nous croyons en une approche holistique qui combine des exercices bas\u00e9s sur la neuroplasticit\u00e9, la pleine conscience et des techniques d&#8217;exposition progressive pour favoriser un changement durable. Notre objectif est de vous aider \u00e0 prendre le contr\u00f4le de votre anxi\u00e9t\u00e9 et \u00e0 lib\u00e9rer votre plein potentiel. Ce Que Nous Offrons Notre programme complet offre des exercices pratiques pour remodeler votre cerveau et r\u00e9duire l\u2019anxi\u00e9t\u00e9, des strat\u00e9gies personnalis\u00e9es adapt\u00e9es \u00e0 vos d\u00e9fis et objectifs, ainsi qu&#8217;un apprentissage autonome, facilement accessible pour progresser \u00e0 votre rythme. \u00c0 propos de notre programme Prenez le premier pas vers vos objectifs \u2013 explorez notre programme d\u00e8s aujourd&#8217;hui Rejoignez-nous d\u00e8s maintenant<\/p>\n","protected":false},"author":1,"featured_media":0,"parent":0,"menu_order":0,"comment_status":"closed","ping_status":"closed","template":"","meta":{"_monsterinsights_skip_tracking":false,"_monsterinsights_sitenote_active":false,"_monsterinsights_sitenote_note":"","_monsterinsights_sitenote_category":0,"_kad_post_transparent":"","_kad_post_title":"","_kad_post_layout":"","_kad_post_sidebar_id":"","_kad_post_content_style":"","_kad_post_vertical_padding":"","_kad_post_feature":"","_kad_post_feature_position":"","_kad_post_header":false,"_kad_post_footer":false,"footnotes":""},"class_list":["post-12","page","type-page","status-publish","hentry"],"_links":{"self":[{"href":"https:\/\/anxietysolve.org\/fr\/wp-json\/wp\/v2\/pages\/12","targetHints":{"allow":["GET"]}}],"collection":[{"href":"https:\/\/anxietysolve.org\/fr\/wp-json\/wp\/v2\/pages"}],"about":[{"href":"https:\/\/anxietysolve.org\/fr\/wp-json\/wp\/v2\/types\/page"}],"author":[{"embeddable":true,"href":"https:\/\/anxietysolve.org\/fr\/wp-json\/wp\/v2\/users\/1"}],"replies":[{"embeddable":true,"href":"https:\/\/anxietysolve.org\/fr\/wp-json\/wp\/v2\/comments?post=12"}],"version-history":[{"count":13,"href":"https:\/\/anxietysolve.org\/fr\/wp-json\/wp\/v2\/pages\/12\/revisions"}],"predecessor-version":[{"id":1194,"href":"https:\/\/anxietysolve.org\/fr\/wp-json\/wp\/v2\/pages\/12\/revisions\/1194"}],"wp:attachment":[{"href":"https:\/\/anxietysolve.org\/fr\/wp-json\/wp\/v2\/media?parent=12"}],"curies":[{"name":"wp","href":"https:\/\/api.w.org\/{rel}","templated":true}]}}